{"id":10737,"date":"2021-02-16T19:51:09","date_gmt":"2021-02-16T23:51:09","guid":{"rendered":"https:\/\/www.dirigotalent.com\/agency\/?page_id=10737"},"modified":"2023-11-10T12:46:08","modified_gmt":"2023-11-10T16:46:08","slug":"sable-strout","status":"publish","type":"page","link":"https:\/\/www.dirigotalent.com\/agency\/sable-strout\/","title":{"rendered":"Sable Strout"},"content":{"rendered":"\n<style type=\"text\/css\" data-created_by=\"avia_inline_auto\" id=\"style-css-av-8tyq9zl-7870afd0fa6a0fbb4f80a453735def50\">\n.flex_column.av-8tyq9zl-7870afd0fa6a0fbb4f80a453735def50{\nborder-radius:0px 0px 0px 0px;\n-webkit-border-radius:0px 0px 0px 0px;\n-moz-border-radius:0px 0px 0px 0px;\n}\n<\/style>\n<div class='flex_column av-8tyq9zl-7870afd0fa6a0fbb4f80a453735def50 av_one_half  avia-builder-el-0  el_before_av_one_half  avia-builder-el-first  first flex_column_div av-zero-column-padding '   ><div  class='avia-slideshow av-8og1xf5-0f621ae6db5ed895e29858d7c1d8a9b0 av-control-default avia-slideshow-no scaling av_slideshow avia-slide-slider  avia-builder-el-1  avia-builder-el-no-sibling  av-default-height-applied avia-slideshow-1'  data-size='no scaling'  data-lightbox_size='large'  data-animation='slide'  data-conditional_play=''  data-ids='19084'  data-video_counter='0'  data-autoplay='false'  data-bg_slider='false'  data-slide_height=''  data-handle='av_slideshow'  data-interval='5'  data-class=' avia-builder-el-1  avia-builder-el-no-sibling '  data-extra_class=''  data-el_id=''  data-css_id=''  data-scroll_down=''  data-control_layout='av-control-default'  data-custom_markup=''  data-perma_caption=''  data-autoplay_stopper=''  data-image_attachment=''  data-min_height='0px'  data-lazy_loading='disabled'  data-default-height='150'  data-img_scrset=''  data-av-desktop-hide=''  data-av-medium-hide=''  data-av-small-hide=''  data-av-mini-hide=''  data-alb_description=''  data-id=''  data-custom_class=''  data-template_class=''  data-av_uid='av-8og1xf5'  data-sc_version='1.0'  data-heading_tag=''  data-heading_class=''   itemprop=\"image\" itemscope=\"itemscope\" itemtype=\"https:\/\/schema.org\/ImageObject\" ><ul class='avia-slideshow-inner ' style='padding-bottom: 150%;'><li  class='avia-slideshow-slide av-8og1xf5-0f621ae6db5ed895e29858d7c1d8a9b0__0  av-single-slide slide-1 ' ><div data-rel='slideshow-1' class='avia-slide-wrap '   ><img class=\"wp-image-19084 avia-img-lazy-loading-not-19084\"  src=\"https:\/\/www.dirigotalent.com\/agency\/wp-content\/uploads\/2023\/11\/dta_SableStrout_1.jpg\" width=\"550\" height=\"825\" title='dta_ashantipictemplate_5' alt=''  itemprop=\"thumbnailUrl\" srcset=\"https:\/\/www.dirigotalent.com\/agency\/wp-content\/uploads\/2023\/11\/dta_SableStrout_1.jpg 550w, https:\/\/www.dirigotalent.com\/agency\/wp-content\/uploads\/2023\/11\/dta_SableStrout_1-200x300.jpg 200w, https:\/\/www.dirigotalent.com\/agency\/wp-content\/uploads\/2023\/11\/dta_SableStrout_1-470x705.jpg 470w\" sizes=\"(max-width: 550px) 100vw, 550px\" \/><\/div><\/li><\/ul><\/div><\/div>\n<style type=\"text\/css\" data-created_by=\"avia_inline_auto\" id=\"style-css-av-56iimgh-362b8452d6a7a28faec89681da2fcae4\">\n.flex_column.av-56iimgh-362b8452d6a7a28faec89681da2fcae4{\nborder-radius:0px 0px 0px 0px;\n-webkit-border-radius:0px 0px 0px 0px;\n-moz-border-radius:0px 0px 0px 0px;\n}\n<\/style>\n<div class='flex_column av-56iimgh-362b8452d6a7a28faec89681da2fcae4 av_one_half  avia-builder-el-2  el_after_av_one_half  el_before_av_hr  flex_column_div av-zero-column-padding '   ><section  class='av_textblock_section av-4ui1cmp-e0c87b83ff27f5aabdab223eb79411b3'  itemscope=\"itemscope\" itemtype=\"https:\/\/schema.org\/CreativeWork\" ><div class='avia_textblock'  itemprop=\"text\" ><h3>Sable Strout<\/h3>\n<p>Hair Color: Dirty Blonde<\/p>\n<p>Eye Color: Blue<\/p>\n<p>Height: 5&#8217;2&#8243;<\/p>\n<\/div><\/section><\/div><\/p>\n<div  class='hr av-4e6p8cx-99e9703c98191aae73c088e246389e1d hr-default  avia-builder-el-4  el_after_av_one_half  el_before_av_textblock '><span class='hr-inner '><span class=\"hr-inner-style\"><\/span><\/span><\/div>\n<section  class='av_textblock_section av-40kerox-17f4f0397ecfc4e65aa8a72dc3b41a4c'  itemscope=\"itemscope\" itemtype=\"https:\/\/schema.org\/CreativeWork\" ><div class='avia_textblock'  itemprop=\"text\" ><h3>Theater<\/h3>\n<table width=\"819\">\n<tbody>\n<tr>\n<td width=\"331\">Dido and Aeneas<\/td>\n<td width=\"232\">Sorceress<\/td>\n<td width=\"256\">Central City Opera<\/td>\n<\/tr>\n<tr>\n<td width=\"331\">Rigoletto<\/td>\n<td width=\"232\">Giovanna<\/td>\n<td width=\"256\">Central City Opera<\/td>\n<\/tr>\n<tr>\n<td width=\"331\">Carousel<\/td>\n<td width=\"232\">Nettie<\/td>\n<td width=\"256\">Central City Opera<\/td>\n<\/tr>\n<tr>\n<td width=\"331\">Don Giovanni<\/td>\n<td width=\"232\">Zerlina<\/td>\n<td width=\"256\">Wichita Grand Opera<\/td>\n<\/tr>\n<tr>\n<td width=\"331\">Il barbiere di Siviglia<\/td>\n<td width=\"232\">Rosina<\/td>\n<td width=\"256\">Social Distance Opera<\/td>\n<\/tr>\n<tr>\n<td width=\"331\">Carmen<\/td>\n<td width=\"232\">Merc\u00e9d\u00e8s<\/td>\n<td width=\"256\">Opera Idaho<\/td>\n<\/tr>\n<tr>\n<td width=\"331\">The Merry Widow<\/td>\n<td width=\"232\">Olga<\/td>\n<td width=\"256\">Opera Idaho<\/td>\n<\/tr>\n<tr>\n<td width=\"331\">Le nozze di Figaro<\/td>\n<td width=\"232\">Cherubino<\/td>\n<td width=\"256\">Social Distance Opera<\/td>\n<\/tr>\n<tr>\n<td width=\"331\">Story of an Hour<\/td>\n<td width=\"232\">Josephine<\/td>\n<td width=\"256\">Gramercy Opera<\/td>\n<\/tr>\n<tr>\n<td width=\"331\">Oklahoma!<\/td>\n<td width=\"232\">Ado Annie<\/td>\n<td width=\"256\">Opera on the James<\/td>\n<\/tr>\n<tr>\n<td width=\"331\">Le nozze di Figaro<\/td>\n<td width=\"232\">Cherubino<\/td>\n<td width=\"256\">Charlottesville Opera<\/td>\n<\/tr>\n<tr>\n<td width=\"331\">Into the Woods<\/td>\n<td width=\"232\">Baker\u2019s Wife<\/td>\n<td width=\"256\">Charlottesville Opera<\/td>\n<\/tr>\n<tr>\n<td width=\"331\">Into the Woods<\/td>\n<td width=\"232\">Lucinda<\/td>\n<td width=\"256\">Charlottesville Opera<\/td>\n<\/tr>\n<tr>\n<td width=\"331\">Le nozze di Figaro<\/td>\n<td width=\"232\">Cherubino<\/td>\n<td width=\"256\">Wichita State University<\/td>\n<\/tr>\n<tr>\n<td width=\"331\">La clemenza di Tito<\/td>\n<td width=\"232\">Annio<\/td>\n<td width=\"256\">Wichita State University<\/td>\n<\/tr>\n<tr>\n<td width=\"331\">B\u00e9atrice et B\u00e9n\u00e9dict<\/td>\n<td width=\"232\">B\u00e9atrice<\/td>\n<td width=\"256\">Wichita State University<\/td>\n<\/tr>\n<tr>\n<td width=\"331\">Le comte Ory<\/td>\n<td width=\"232\">Isolier<\/td>\n<td width=\"256\">Wichita State University<\/td>\n<\/tr>\n<tr>\n<td width=\"331\">Rigoletto<\/td>\n<td width=\"232\">Paggio<\/td>\n<td width=\"256\">Opera Maine<\/td>\n<\/tr>\n<tr>\n<td width=\"331\">Giannetta<\/td>\n<td width=\"232\">L\u2019elisir d\u2019amore<\/td>\n<td width=\"256\">University of Southern Maine<\/td>\n<\/tr>\n<tr>\n<td width=\"331\">L\u2019enfant et les sortil\u00e8ges<\/td>\n<td width=\"232\">L\u2019enfant<\/td>\n<td width=\"256\">University of Southern Maine<\/td>\n<\/tr>\n<tr>\n<td width=\"331\">H\u00e4nsel<\/td>\n<td width=\"232\">H\u00e4nsel und Gretel<\/td>\n<td width=\"256\">University of Southern Maine<\/td>\n<\/tr>\n<\/tbody>\n<\/table>\n<\/div><\/section>\n<section  class='av_textblock_section av-3mphir5-25f7d574d33c00455ad8c37ea953d16c'  itemscope=\"itemscope\" itemtype=\"https:\/\/schema.org\/CreativeWork\" ><div class='avia_textblock'  itemprop=\"text\" ><h3>Directing<\/h3>\n<table width=\"819\">\n<tbody>\n<tr>\n<td width=\"331\">Opera in the Pines<\/td>\n<td width=\"232\">Co-Founder &#038; Artistic Director<\/td>\n<td width=\"256\"><Opera in the Pines\/td><\/tr>\n<tr>\n<td width=\"331\">The Coffee Cantata<\/td>\n<td width=\"232\">Assistant Director<\/td>\n<td width=\"256\">On Site Opera<\/td>\n<\/tr>\n<tr>\n<td width=\"331\">The Crucible<\/td>\n<td width=\"232\">Director &#038; Production Designer<\/td>\n<td width=\"256\">Opera in the Pines<\/td>\n<\/tr>\n<tr>\n<td width=\"331\">Instructor<\/td>\n<td width=\"232\">Acting for Singers<\/td>\n<td width=\"256\">Maine NATS<\/td>\n<\/tr>\n<tr>\n<td width=\"331\">Bar Crawl Boh\u00e8me<\/td>\n<td width=\"232\">Director &#038; Production Designer<\/td>\n<td width=\"256\">Opera in the Pines<\/td>\n<\/tr>\n<tr>\n<td width=\"331\">The Diary of Anne Frank<\/td>\n<td width=\"232\">Director &#038; Production Designer<\/td>\n<td width=\"256\">Opera in the Pines<\/td>\n<\/tr>\n<tr>\n<td width=\"331\">L\u2019elisir d\u2019amore<\/td>\n<td width=\"232\">Assistant Director<\/td>\n<td width=\"256\">Wichita State University<\/td>\n<\/tr>\n<tr>\n<td width=\"331\">Iolanthe<\/td>\n<td width=\"232\">Assistant Director &#038; Production Designer<\/td>\n<td width=\"256\">University of Southern Maine<\/td>\n<\/tr>\n<\/tbody>\n<\/table>\n<\/div><\/section>\n<section  class='av_textblock_section av-av_textblock-0aafccd1a3281e26ed01b2390ce67e93'  itemscope=\"itemscope\" itemtype=\"https:\/\/schema.org\/CreativeWork\" ><div class='avia_textblock'  itemprop=\"text\" ><h3>Training<\/h3>\n<table width=\"819\">\n<tbody>\n<tr>\n<td width=\"331\">Apprentice Artist<\/td>\n<td width=\"232\"><\/td>\n<td width=\"256\">Central City Opera<\/td>\n<\/tr>\n<tr>\n<td width=\"331\">Young Artist<\/td>\n<td width=\"232\"><\/td>\n<td width=\"256\">Opera Idaho, Opera on the Jame and Charlottesville Opera<\/td>\n<\/tr>\n<tr>\n<td width=\"331\">Master of Music: Opera Performance<\/td>\n<td width=\"232\"><\/td>\n<td width=\"256\">Wichita State University<\/td>\n<\/tr>\n<tr>\n<td width=\"331\">Bachelor of Arts: Voice Performance<\/td>\n<td width=\"232\"><\/td>\n<td width=\"256\">University of Southern Maine<\/td>\n<\/tr>\n<\/tbody>\n<\/table>\n<\/div><\/section>\n\n\n<style type=\"text\/css\" data-created_by=\"avia_inline_auto\" id=\"style-css-av-2mbwgj5-0cb595f1189aa44f4c39fe074ae5ca80\">\n.flex_column.av-2mbwgj5-0cb595f1189aa44f4c39fe074ae5ca80{\nborder-radius:0px 0px 0px 0px;\n-webkit-border-radius:0px 0px 0px 0px;\n-moz-border-radius:0px 0px 0px 0px;\n}\n<\/style>\n<div class='flex_column av-2mbwgj5-0cb595f1189aa44f4c39fe074ae5ca80 av_one_full  avia-builder-el-9  el_after_av_image  el_before_av_one_full  first flex_column_div av-zero-column-padding '   ><section  class='av_textblock_section av-278qpch-e5e9141ffb58c53d97ae4bf8b60a286b'  itemscope=\"itemscope\" itemtype=\"https:\/\/schema.org\/CreativeWork\" ><div class='avia_textblock'  itemprop=\"text\" ><h3>Special Skills<\/h3>\n<p>AWARDS\/COMPETITIONS<br \/>\n&#8211; Young Artist Encouragement Award &#8211; Lyra New York Mozart Competition 2019<br \/>\n&#8211; Finalist &#8211; Vermont Vocal Competition 2019<br \/>\n&#8211; Opera Fellowship Recipient &#8211; Wichita State University 2016-18<br \/>\n&#8211; Lillian Nordica Award Winner\/Maine NATS First Place Finalist 2015<br \/>\n&#8211; Honors Recital Recipient &#8211; University of Southern Maine \u201812\/\u201914\/\u201915<\/p>\n<p>ARTISTIC AFFILIATES<br \/>\nDanny Belcher, Ellen Chickering, Joshua Collier, Thomas Getty, Alan Held, Ian Niederhoffer, Marco Nistic\u00f2, Tim Steele, Sam Ramey.<\/p>\n<\/div><\/section><\/div>\n\n<style type=\"text\/css\" data-created_by=\"avia_inline_auto\" id=\"style-css-av-1gtzlf5-d19ff9c10f475186f43182ac1c5560c3\">\n.flex_column.av-1gtzlf5-d19ff9c10f475186f43182ac1c5560c3{\nborder-radius:0px 0px 0px 0px;\n-webkit-border-radius:0px 0px 0px 0px;\n-moz-border-radius:0px 0px 0px 0px;\n}\n<\/style>\n<div class='flex_column av-1gtzlf5-d19ff9c10f475186f43182ac1c5560c3 av_one_full  avia-builder-el-11  el_after_av_one_full  el_before_av_textblock  first flex_column_div av-zero-column-padding column-top-margin'   ><section  class='av_textblock_section av-3vuya9-43a87963cbb12d72d361f175002c5b03'  itemscope=\"itemscope\" itemtype=\"https:\/\/schema.org\/CreativeWork\" ><div class='avia_textblock'  itemprop=\"text\" ><h3>Reels<\/h3>\n<div class='avia-iframe-wrap'><iframe loading=\"lazy\" title=\"Story of an Hour excerpt\" width=\"1500\" height=\"844\" src=\"https:\/\/www.youtube.com\/embed\/XT4BsD3JfE0?feature=oembed\" frameborder=\"0\" allow=\"accelerometer; autoplay; clipboard-write; encrypted-media; gyroscope; picture-in-picture; web-share\" allowfullscreen><\/iframe><\/div>\n<div class='avia-iframe-wrap'><iframe loading=\"lazy\" title=\"Story of an Hour (Rehearsal)\" width=\"1500\" height=\"844\" src=\"https:\/\/www.youtube.com\/embed\/JdlIq3oEttA?feature=oembed\" frameborder=\"0\" allow=\"accelerometer; autoplay; clipboard-write; encrypted-media; gyroscope; picture-in-picture; web-share\" allowfullscreen><\/iframe><\/div>\n<div class='avia-iframe-wrap'><iframe loading=\"lazy\" title=\"Non so pi\u00f9\" width=\"1500\" height=\"844\" src=\"https:\/\/www.youtube.com\/embed\/5lx-3Mx37Fk?feature=oembed\" frameborder=\"0\" allow=\"accelerometer; autoplay; clipboard-write; encrypted-media; gyroscope; picture-in-picture; web-share\" allowfullscreen><\/iframe><\/div>\n<div class='avia-iframe-wrap'><iframe loading=\"lazy\" title=\"Hushabye Mountain\" width=\"1500\" height=\"844\" src=\"https:\/\/www.youtube.com\/embed\/dLFU1z4cdTM?feature=oembed\" frameborder=\"0\" allow=\"accelerometer; autoplay; clipboard-write; encrypted-media; gyroscope; picture-in-picture; web-share\" allowfullscreen><\/iframe><\/div>\n<\/div><\/section><\/div>\n<section  class='av_textblock_section av-linbgx-4e8628e7e80e0ca9883ff4a11ea69820'  itemscope=\"itemscope\" itemtype=\"https:\/\/schema.org\/CreativeWork\" ><div class='avia_textblock'  itemprop=\"text\" ><\/div><\/section>\n","protected":false},"excerpt":{"rendered":"","protected":false},"author":4,"featured_media":0,"parent":0,"menu_order":0,"comment_status":"closed","ping_status":"closed","template":"","meta":[],"_links":{"self":[{"href":"https:\/\/www.dirigotalent.com\/agency\/wp-json\/wp\/v2\/pages\/10737"}],"collection":[{"href":"https:\/\/www.dirigotalent.com\/agency\/wp-json\/wp\/v2\/pages"}],"about":[{"href":"https:\/\/www.dirigotalent.com\/agency\/wp-json\/wp\/v2\/types\/page"}],"author":[{"embeddable":true,"href":"https:\/\/www.dirigotalent.com\/agency\/wp-json\/wp\/v2\/users\/4"}],"replies":[{"embeddable":true,"href":"https:\/\/www.dirigotalent.com\/agency\/wp-json\/wp\/v2\/comments?post=10737"}],"version-history":[{"count":3,"href":"https:\/\/www.dirigotalent.com\/agency\/wp-json\/wp\/v2\/pages\/10737\/revisions"}],"predecessor-version":[{"id":19086,"href":"https:\/\/www.dirigotalent.com\/agency\/wp-json\/wp\/v2\/pages\/10737\/revisions\/19086"}],"wp:attachment":[{"href":"https:\/\/www.dirigotalent.com\/agency\/wp-json\/wp\/v2\/media?parent=10737"}],"curies":[{"name":"wp","href":"https:\/\/api.w.org\/{rel}","templated":true}]}}