{"id":12826,"date":"2021-07-23T10:40:59","date_gmt":"2021-07-23T14:40:59","guid":{"rendered":"https:\/\/www.dirigotalent.com\/agency\/?page_id=12826"},"modified":"2023-06-03T12:40:19","modified_gmt":"2023-06-03T16:40:19","slug":"erica-murphy","status":"publish","type":"page","link":"https:\/\/www.dirigotalent.com\/agency\/erica-murphy\/","title":{"rendered":"Erica Murphy"},"content":{"rendered":"\n<style type=\"text\/css\" data-created_by=\"avia_inline_auto\" id=\"style-css-av-8k75uvu-c20826cb66273cc7ef7e9537a8991f92\">\n.flex_column.av-8k75uvu-c20826cb66273cc7ef7e9537a8991f92{\nborder-radius:0px 0px 0px 0px;\n-webkit-border-radius:0px 0px 0px 0px;\n-moz-border-radius:0px 0px 0px 0px;\n}\n<\/style>\n<div class='flex_column av-8k75uvu-c20826cb66273cc7ef7e9537a8991f92 av_one_half  avia-builder-el-0  el_before_av_one_half  avia-builder-el-first  first flex_column_div av-zero-column-padding '   ><div  class='avia-slideshow av-822mrve-1654160537cdac3306c102324c18767f av-control-default avia-slideshow-no scaling av_slideshow avia-slide-slider  avia-builder-el-1  avia-builder-el-no-sibling  av-default-height-applied avia-slideshow-1'  data-size='no scaling'  data-lightbox_size='large'  data-animation='slide'  data-conditional_play=''  data-ids='17785,17784,17783,17782,17781,17780,17779,17778'  data-video_counter='0'  data-autoplay='false'  data-bg_slider='false'  data-slide_height=''  data-handle='av_slideshow'  data-interval='5'  data-class=' avia-builder-el-1  avia-builder-el-no-sibling '  data-extra_class=''  data-el_id=''  data-css_id=''  data-scroll_down=''  data-control_layout='av-control-default'  data-custom_markup=''  data-perma_caption=''  data-autoplay_stopper=''  data-image_attachment=''  data-min_height='0px'  data-lazy_loading='disabled'  data-default-height='150'  data-img_scrset=''  data-av-desktop-hide=''  data-av-medium-hide=''  data-av-small-hide=''  data-av-mini-hide=''  data-alb_description=''  data-id=''  data-custom_class=''  data-template_class=''  data-av_uid='av-822mrve'  data-sc_version='1.0'  data-heading_tag=''  data-heading_class=''   itemprop=\"image\" itemscope=\"itemscope\" itemtype=\"https:\/\/schema.org\/ImageObject\" ><ul class='avia-slideshow-inner ' style='padding-bottom: 150%;'><li  class='avia-slideshow-slide av-822mrve-1654160537cdac3306c102324c18767f__0  slide-1 ' ><div data-rel='slideshow-1' class='avia-slide-wrap '   ><img class=\"wp-image-17785 avia-img-lazy-loading-not-17785\"  src=\"https:\/\/www.dirigotalent.com\/agency\/wp-content\/uploads\/2023\/03\/dta_ericamurphy_8.jpg\" width=\"550\" height=\"825\" title='dta_ashantipictemplate_1' alt=''  itemprop=\"thumbnailUrl\" srcset=\"https:\/\/www.dirigotalent.com\/agency\/wp-content\/uploads\/2023\/03\/dta_ericamurphy_8.jpg 550w, https:\/\/www.dirigotalent.com\/agency\/wp-content\/uploads\/2023\/03\/dta_ericamurphy_8-200x300.jpg 200w, https:\/\/www.dirigotalent.com\/agency\/wp-content\/uploads\/2023\/03\/dta_ericamurphy_8-470x705.jpg 470w\" sizes=\"(max-width: 550px) 100vw, 550px\" \/><\/div><\/li><li  class='avia-slideshow-slide av-822mrve-1654160537cdac3306c102324c18767f__1  slide-2 ' ><div data-rel='slideshow-1' class='avia-slide-wrap '   ><img class=\"wp-image-17784 avia-img-lazy-loading-not-17784\"  src=\"https:\/\/www.dirigotalent.com\/agency\/wp-content\/uploads\/2023\/03\/dta_ericamurphy_7.jpg\" width=\"550\" height=\"825\" title='dta_ashantipictemplate_1' alt=''  itemprop=\"thumbnailUrl\" srcset=\"https:\/\/www.dirigotalent.com\/agency\/wp-content\/uploads\/2023\/03\/dta_ericamurphy_7.jpg 550w, https:\/\/www.dirigotalent.com\/agency\/wp-content\/uploads\/2023\/03\/dta_ericamurphy_7-200x300.jpg 200w, https:\/\/www.dirigotalent.com\/agency\/wp-content\/uploads\/2023\/03\/dta_ericamurphy_7-470x705.jpg 470w\" sizes=\"(max-width: 550px) 100vw, 550px\" \/><\/div><\/li><li  class='avia-slideshow-slide av-822mrve-1654160537cdac3306c102324c18767f__2  slide-3 ' ><div data-rel='slideshow-1' class='avia-slide-wrap '   ><img class=\"wp-image-17783 avia-img-lazy-loading-not-17783\"  src=\"https:\/\/www.dirigotalent.com\/agency\/wp-content\/uploads\/2023\/03\/dta_ericamurphy_6.jpg\" width=\"550\" height=\"825\" title='dta_ashantipictemplate_1' alt=''  itemprop=\"thumbnailUrl\" srcset=\"https:\/\/www.dirigotalent.com\/agency\/wp-content\/uploads\/2023\/03\/dta_ericamurphy_6.jpg 550w, https:\/\/www.dirigotalent.com\/agency\/wp-content\/uploads\/2023\/03\/dta_ericamurphy_6-200x300.jpg 200w, https:\/\/www.dirigotalent.com\/agency\/wp-content\/uploads\/2023\/03\/dta_ericamurphy_6-470x705.jpg 470w\" sizes=\"(max-width: 550px) 100vw, 550px\" \/><\/div><\/li><li  class='avia-slideshow-slide av-822mrve-1654160537cdac3306c102324c18767f__3  slide-4 ' ><div data-rel='slideshow-1' class='avia-slide-wrap '   ><img class=\"wp-image-17782 avia-img-lazy-loading-not-17782\"  src=\"https:\/\/www.dirigotalent.com\/agency\/wp-content\/uploads\/2023\/03\/dta_ericamurphy_5.jpg\" width=\"550\" height=\"825\" title='dta_ashantipictemplate_1' alt=''  itemprop=\"thumbnailUrl\" srcset=\"https:\/\/www.dirigotalent.com\/agency\/wp-content\/uploads\/2023\/03\/dta_ericamurphy_5.jpg 550w, https:\/\/www.dirigotalent.com\/agency\/wp-content\/uploads\/2023\/03\/dta_ericamurphy_5-200x300.jpg 200w, https:\/\/www.dirigotalent.com\/agency\/wp-content\/uploads\/2023\/03\/dta_ericamurphy_5-470x705.jpg 470w\" sizes=\"(max-width: 550px) 100vw, 550px\" \/><\/div><\/li><li  class='avia-slideshow-slide av-822mrve-1654160537cdac3306c102324c18767f__4  slide-5 ' ><div data-rel='slideshow-1' class='avia-slide-wrap '   ><img class=\"wp-image-17781 avia-img-lazy-loading-not-17781\"  src=\"https:\/\/www.dirigotalent.com\/agency\/wp-content\/uploads\/2023\/03\/dta_ericamurphy_4.jpg\" width=\"550\" height=\"825\" title='dta_ashantipictemplate_1' alt=''  itemprop=\"thumbnailUrl\" srcset=\"https:\/\/www.dirigotalent.com\/agency\/wp-content\/uploads\/2023\/03\/dta_ericamurphy_4.jpg 550w, https:\/\/www.dirigotalent.com\/agency\/wp-content\/uploads\/2023\/03\/dta_ericamurphy_4-200x300.jpg 200w, https:\/\/www.dirigotalent.com\/agency\/wp-content\/uploads\/2023\/03\/dta_ericamurphy_4-470x705.jpg 470w\" sizes=\"(max-width: 550px) 100vw, 550px\" \/><\/div><\/li><li  class='avia-slideshow-slide av-822mrve-1654160537cdac3306c102324c18767f__5  slide-6 ' ><div data-rel='slideshow-1' class='avia-slide-wrap '   ><img class=\"wp-image-17780 avia-img-lazy-loading-not-17780\"  src=\"https:\/\/www.dirigotalent.com\/agency\/wp-content\/uploads\/2023\/03\/dta_ericamurphy_3.jpg\" width=\"550\" height=\"825\" title='dta_ashantipictemplate_1' alt=''  itemprop=\"thumbnailUrl\" srcset=\"https:\/\/www.dirigotalent.com\/agency\/wp-content\/uploads\/2023\/03\/dta_ericamurphy_3.jpg 550w, https:\/\/www.dirigotalent.com\/agency\/wp-content\/uploads\/2023\/03\/dta_ericamurphy_3-200x300.jpg 200w, https:\/\/www.dirigotalent.com\/agency\/wp-content\/uploads\/2023\/03\/dta_ericamurphy_3-470x705.jpg 470w\" sizes=\"(max-width: 550px) 100vw, 550px\" \/><\/div><\/li><li  class='avia-slideshow-slide av-822mrve-1654160537cdac3306c102324c18767f__6  slide-7 ' ><div data-rel='slideshow-1' class='avia-slide-wrap '   ><img class=\"wp-image-17779 avia-img-lazy-loading-not-17779\"  src=\"https:\/\/www.dirigotalent.com\/agency\/wp-content\/uploads\/2023\/03\/dta_ericamurphy_2-1.jpg\" width=\"550\" height=\"825\" title='dta_ashantipictemplate_1' alt=''  itemprop=\"thumbnailUrl\" srcset=\"https:\/\/www.dirigotalent.com\/agency\/wp-content\/uploads\/2023\/03\/dta_ericamurphy_2-1.jpg 550w, https:\/\/www.dirigotalent.com\/agency\/wp-content\/uploads\/2023\/03\/dta_ericamurphy_2-1-200x300.jpg 200w, https:\/\/www.dirigotalent.com\/agency\/wp-content\/uploads\/2023\/03\/dta_ericamurphy_2-1-470x705.jpg 470w\" sizes=\"(max-width: 550px) 100vw, 550px\" \/><\/div><\/li><li  class='avia-slideshow-slide av-822mrve-1654160537cdac3306c102324c18767f__7  slide-8 ' ><div data-rel='slideshow-1' class='avia-slide-wrap '   ><img class=\"wp-image-17778 avia-img-lazy-loading-not-17778\"  src=\"https:\/\/www.dirigotalent.com\/agency\/wp-content\/uploads\/2023\/03\/dta_ericamurphy_1-1.jpg\" width=\"550\" height=\"825\" title='dta_ashantipictemplate_1' alt=''  itemprop=\"thumbnailUrl\" srcset=\"https:\/\/www.dirigotalent.com\/agency\/wp-content\/uploads\/2023\/03\/dta_ericamurphy_1-1.jpg 550w, https:\/\/www.dirigotalent.com\/agency\/wp-content\/uploads\/2023\/03\/dta_ericamurphy_1-1-200x300.jpg 200w, https:\/\/www.dirigotalent.com\/agency\/wp-content\/uploads\/2023\/03\/dta_ericamurphy_1-1-470x705.jpg 470w\" sizes=\"(max-width: 550px) 100vw, 550px\" \/><\/div><\/li><\/ul><div class='avia-slideshow-arrows avia-slideshow-controls' ><a href='#prev' class='prev-slide ' aria-hidden='true' data-av_icon='\ue87c' data-av_iconfont='entypo-fontello'  tabindex='-1'>Previous<\/a><a href='#next' class='next-slide ' aria-hidden='true' data-av_icon='\ue87d' data-av_iconfont='entypo-fontello'  tabindex='-1'>Next<\/a><\/div><div class='avia-slideshow-dots avia-slideshow-controls'><a href='#1' class='goto-slide active' >1<\/a><a href='#2' class='goto-slide ' >2<\/a><a href='#3' class='goto-slide ' >3<\/a><a href='#4' class='goto-slide ' >4<\/a><a href='#5' class='goto-slide ' >5<\/a><a href='#6' class='goto-slide ' >6<\/a><a href='#7' class='goto-slide ' >7<\/a><a href='#8' class='goto-slide ' >8<\/a><\/div><\/div><\/div>\n<style type=\"text\/css\" data-created_by=\"avia_inline_auto\" id=\"style-css-av-5lc5hkq-85079026f76b0a83926916c4ef54ab20\">\n.flex_column.av-5lc5hkq-85079026f76b0a83926916c4ef54ab20{\nborder-radius:0px 0px 0px 0px;\n-webkit-border-radius:0px 0px 0px 0px;\n-moz-border-radius:0px 0px 0px 0px;\n}\n<\/style>\n<div class='flex_column av-5lc5hkq-85079026f76b0a83926916c4ef54ab20 av_one_half  avia-builder-el-2  el_after_av_one_half  el_before_av_hr  flex_column_div av-zero-column-padding '   ><section  class='av_textblock_section av-jcppzu-12c577f501b63292d947c3a53e0ece6e'  itemscope=\"itemscope\" itemtype=\"https:\/\/schema.org\/CreativeWork\" ><div class='avia_textblock'  itemprop=\"text\" ><h3>Erica Murphy<\/h3>\n<p>Hair Color: Dark Brown<\/p>\n<p>Eye Color: Dark Brown<\/p>\n<p>Height: 5&#8217;7&#8243;<\/p>\n<\/div><\/section><\/div><\/p>\n<div  class='hr av-4tkeeka-a613d02cad8cbc8239c4ebc43f255090 hr-default  avia-builder-el-4  el_after_av_one_half  el_before_av_textblock '><span class='hr-inner '><span class=\"hr-inner-style\"><\/span><\/span><\/div>\n<section  class='av_textblock_section av-47set6i-568dfa55bc114eb145573860e46c082c'  itemscope=\"itemscope\" itemtype=\"https:\/\/schema.org\/CreativeWork\" ><div class='avia_textblock'  itemprop=\"text\" ><h3>Commercials<\/h3>\n<table width=\"819\">\n<tbody>\n<tr>\n<td width=\"331\">Speak About It Virtual Tour<\/td>\n<td width=\"232\">Principal<\/td>\n<td width=\"256\">dir. Oronde Cruger\/Speak About It<\/td>\n<\/tr>\n<tr>\n<td width=\"331\">Don\u2019t Lose Your Cool<\/td>\n<td width=\"232\">Digital Commercial<\/td>\n<td width=\"256\">Hasbro<\/td>\n<\/tr>\n<\/tbody>\n<\/table>\n<\/div><\/section>\n<section  class='av_textblock_section av-40fertm-d0f00f4a023918dce3657fde655b768e'  itemscope=\"itemscope\" itemtype=\"https:\/\/schema.org\/CreativeWork\" ><div class='avia_textblock'  itemprop=\"text\" ><h3>Theater<\/h3>\n<table width=\"819\">\n<tbody>\n<tr>\n<td width=\"331\">Eurydice<\/td>\n<td width=\"232\">Eurydice<\/td>\n<td width=\"256\">dir. Hannah Cordes\/Fenix Theatre<\/td>\n<\/tr>\n<tr>\n<td width=\"331\">Sifters<\/td>\n<td width=\"232\">B<\/td>\n<td width=\"256\">writer+dir. Erica Murphy\/PortFringe Festival<\/td>\n<\/tr>\n<tr>\n<td width=\"331\">Ninshaba<\/td>\n<td width=\"232\">Ninshaba<\/td>\n<td width=\"256\">dir. Stephen Legawiec\/Ziggurat Theater<\/td>\n<\/tr>\n<tr>\n<td width=\"331\">The Last Days of Judas Iscariot<\/td>\n<td width=\"232\">Saint Monica<\/td>\n<td width=\"256\">dir. Stacey Koloski\/Mad Horse Theater Company<\/td>\n<\/tr>\n<tr>\n<td width=\"331\">Over There<\/td>\n<td width=\"232\">Kareen\/Nurse\/Others<\/td>\n<td width=\"256\">dir. Bill Bowers &#038; Scott Illingworth\/Harold Clurman Lab<\/td>\n<\/tr>\n<tr>\n<td width=\"331\">The Tempest<\/td>\n<td width=\"232\">Ariel (fight captain)<\/td>\n<td width=\"256\">dir. Dawn McAndrews\/Theater at Monmouth<\/td>\n<\/tr>\n<tr>\n<td width=\"331\">Henry V<\/td>\n<td width=\"232\">King Henry (fight captain)<\/td>\n<td width=\"256\">dir. Bill Van Horn\/Theater at Monmouth<\/td>\n<\/tr>\n<tr>\n<td width=\"331\">Macbeth<\/td>\n<td width=\"232\">Lady M\/Witch\/Ross (fight cap.)<\/td>\n<td width=\"256\">dir. Hannah Cordes\/Portland Stage<\/td>\n<\/tr>\n<tr>\n<td width=\"331\">As You Like It<\/td>\n<td width=\"232\">Rosalind<\/td>\n<td width=\"256\">dir. Catherine Weidner\/Theater at Monmouth<\/td>\n<\/tr>\n<tr>\n<td width=\"331\">Measure for Measure<\/td>\n<td width=\"232\">Isabella<\/td>\n<td width=\"256\">dir. Catherine Weidner\/Merle Reskin Theater<\/td>\n<\/tr>\n<tr>\n<td width=\"331\">Fallen Angels<\/td>\n<td width=\"232\">Jane Banbury<\/td>\n<td width=\"256\">dir. Brendon Fox\/Theater at Monmouth<\/td>\n<\/tr>\n<tr>\n<td width=\"331\">The Illusion<\/td>\n<td width=\"232\">Melibea\/Isabelle\/Hippolyta<\/td>\n<td width=\"256\">dir. Davis Robinson\/Theater at Monmouth<\/td>\n<\/tr>\n<tr>\n<td width=\"331\">Luce (midwest premiere)<\/td>\n<td width=\"232\">Stephanie<\/td>\n<td width=\"256\">dir. Keira Fromm\/Next Theatre<\/td>\n<\/tr>\n<tr>\n<td width=\"331\">A Midsummer Night\u2019s Dream<\/td>\n<td width=\"232\">Hermia<\/td>\n<td width=\"256\">dir. Janis Stevens\/Theater at Monmouth<\/td>\n<\/tr>\n<tr>\n<td width=\"331\">Aesop\u2019s Foibles<\/td>\n<td width=\"232\">Jackdaw<\/td>\n<td width=\"256\">dir. Carole Lehan\/Edinburgh Fringe Festival<\/td>\n<\/tr>\n<tr>\n<td width=\"331\"><\/td>\n<td width=\"232\"><\/td>\n<td width=\"256\"><\/td>\n<\/tr>\n<\/tbody>\n<\/table>\n<\/div><\/section>\n\n<section  class='av_textblock_section av-3466xju-962cdc9c4839f5685a6fed7d242691f4'  itemscope=\"itemscope\" itemtype=\"https:\/\/schema.org\/CreativeWork\" ><div class='avia_textblock'  itemprop=\"text\" ><h3>Training<\/h3>\n<table width=\"819\">\n<tbody>\n<tr>\n<td width=\"331\">L&#8217;\u00c9cole Internationale de Th\u00e9\u00e2tre Jacques Lecoq \u201920<\/td>\n<td width=\"232\"><\/td>\n<td width=\"256\"><\/td>\n<\/tr>\n<tr>\n<td width=\"331\">Mime, Theater, Movement<\/td>\n<td width=\"232\"><\/td>\n<td width=\"256\">Pascale Lecoq, Paola Rizza, Yasuyo Mochizuki, Anne Astolfe, Eric Nesci, Jos Houben<\/td>\n<\/tr>\n<tr>\n<td width=\"331\">BFA Acting, The Theatre School at DePaul University \u201814<\/td>\n<td width=\"232\"><\/td>\n<td width=\"256\"><\/td>\n<\/tr>\n<tr>\n<td width=\"331\">Acting<\/td>\n<td width=\"232\"><\/td>\n<td width=\"256\">Dexter Bullard, Jane Brody, John Jenkins, Catherine Weidner, Ann Wakefield, Nick John<\/td>\n<\/tr>\n<tr>\n<td width=\"331\">Movement<\/td>\n<td width=\"232\"><\/td>\n<td width=\"256\">Julia Neary, Patrice Egleston, Paola Coletto, Marc Frost, Nick Sandys<\/td>\n<\/tr>\n<tr>\n<td width=\"331\">Voice<\/td>\n<td width=\"232\"><\/td>\n<td width=\"256\">Claudia Anderson, Phyllis E. Griffin, Phil Timberlake, Mark Elliott<\/td>\n<\/tr>\n<tr>\n<td width=\"331\">Movement Theater Studio, NYC, 2012<\/td>\n<td width=\"232\"><\/td>\n<td width=\"256\"><\/td>\n<\/tr>\n<tr>\n<td width=\"331\">Lecoq<\/td>\n<td width=\"232\"><\/td>\n<td width=\"256\">Norman Taylor, Richard Crawford<\/td>\n<\/tr>\n<tr>\n<td width=\"331\">Neutral Mask<\/td>\n<td width=\"232\"><\/td>\n<td width=\"256\">Adrienne Kapstein<\/td>\n<\/tr>\n<tr>\n<td width=\"331\">Clown<\/td>\n<td width=\"232\"><\/td>\n<td width=\"256\">Virginia Scott<\/td>\n<\/tr>\n<tr>\n<td width=\"331\">The Roy Hart International Arts Center, 2013<\/td>\n<td width=\"232\"><\/td>\n<td width=\"256\"><\/td>\n<\/tr>\n<tr>\n<td width=\"331\">Roy Hart Voice<\/td>\n<td width=\"232\"><\/td>\n<td width=\"256\">Kaya Anderson, Pascale Ben, Edda Heeg<\/td>\n<\/tr>\n<\/tbody>\n<\/table>\n<\/div><\/section>\n\n<style type=\"text\/css\" data-created_by=\"avia_inline_auto\" id=\"style-css-av-2kfqddm-0268ff7394799caf699a2e657585eda5\">\n.flex_column.av-2kfqddm-0268ff7394799caf699a2e657585eda5{\nborder-radius:0px 0px 0px 0px;\n-webkit-border-radius:0px 0px 0px 0px;\n-moz-border-radius:0px 0px 0px 0px;\n}\n<\/style>\n<div class='flex_column av-2kfqddm-0268ff7394799caf699a2e657585eda5 av_one_full  avia-builder-el-9  el_after_av_textblock  el_before_av_one_full  first flex_column_div av-zero-column-padding column-top-margin'   ><section  class='av_textblock_section av-1znri3e-20b58f6fb76dd84526461c54cf8ebf34'  itemscope=\"itemscope\" itemtype=\"https:\/\/schema.org\/CreativeWork\" ><div class='avia_textblock'  itemprop=\"text\" ><h3>Special Skills<\/h3>\n<p>Basic aerial arts (silks, Spanish web); dance (intermediate): West African, modern, jazz, ballet, tap, pointe, acrobatics; violin (5 years); basic ukulele; lacrosse (goalie); stage combat certified: unarmed (recommended), rapier and dagger, knife; mezzo-soprano (belt); skilled with dialects; guitar (3 years\/basic); driving license; running; swimming; rock climbing; yoga.<\/p>\n<\/div><\/section><\/div>\n\n<style type=\"text\/css\" data-created_by=\"avia_inline_auto\" id=\"style-css-av-1r5fzcq-5496572bca9f1889a1daefff83039d5c\">\n.flex_column.av-1r5fzcq-5496572bca9f1889a1daefff83039d5c{\nborder-radius:0px 0px 0px 0px;\n-webkit-border-radius:0px 0px 0px 0px;\n-moz-border-radius:0px 0px 0px 0px;\n}\n<\/style>\n<div class='flex_column av-1r5fzcq-5496572bca9f1889a1daefff83039d5c av_one_full  avia-builder-el-11  el_after_av_one_full  el_before_av_textblock  first flex_column_div av-zero-column-padding column-top-margin'   ><section  class='av_textblock_section av-15xr9p6-bbe6023af20977a6cbc3e8ce03849b74'  itemscope=\"itemscope\" itemtype=\"https:\/\/schema.org\/CreativeWork\" ><div class='avia_textblock'  itemprop=\"text\" ><h3>Reels<\/h3>\n<\/div><\/section><\/div>\n<section  class='av_textblock_section av-srs30a-1dc1b3c192d8ae7b0c9f53c707979c94'  itemscope=\"itemscope\" itemtype=\"https:\/\/schema.org\/CreativeWork\" ><div class='avia_textblock'  itemprop=\"text\" ><\/div><\/section>\n","protected":false},"excerpt":{"rendered":"","protected":false},"author":4,"featured_media":0,"parent":0,"menu_order":0,"comment_status":"closed","ping_status":"closed","template":"","meta":[],"_links":{"self":[{"href":"https:\/\/www.dirigotalent.com\/agency\/wp-json\/wp\/v2\/pages\/12826"}],"collection":[{"href":"https:\/\/www.dirigotalent.com\/agency\/wp-json\/wp\/v2\/pages"}],"about":[{"href":"https:\/\/www.dirigotalent.com\/agency\/wp-json\/wp\/v2\/types\/page"}],"author":[{"embeddable":true,"href":"https:\/\/www.dirigotalent.com\/agency\/wp-json\/wp\/v2\/users\/4"}],"replies":[{"embeddable":true,"href":"https:\/\/www.dirigotalent.com\/agency\/wp-json\/wp\/v2\/comments?post=12826"}],"version-history":[{"count":5,"href":"https:\/\/www.dirigotalent.com\/agency\/wp-json\/wp\/v2\/pages\/12826\/revisions"}],"predecessor-version":[{"id":18178,"href":"https:\/\/www.dirigotalent.com\/agency\/wp-json\/wp\/v2\/pages\/12826\/revisions\/18178"}],"wp:attachment":[{"href":"https:\/\/www.dirigotalent.com\/agency\/wp-json\/wp\/v2\/media?parent=12826"}],"curies":[{"name":"wp","href":"https:\/\/api.w.org\/{rel}","templated":true}]}}